{"id":21,"date":"2022-02-02T11:03:46","date_gmt":"2022-02-02T11:03:46","guid":{"rendered":"https:\/\/stylequadrant.com\/?page_id=21"},"modified":"2022-03-22T07:04:08","modified_gmt":"2022-03-22T07:04:08","slug":"about-us","status":"publish","type":"page","link":"https:\/\/stylequadrant.com\/it\/about-us\/","title":{"rendered":"Chi Siamo"},"content":{"rendered":"<h3 id=\"style-quadrant-consigli-e-guide-per-la-moda-la-cura-della-persona-e-la-bellezza-per-uomini-e-donne\" style=\"text-align: center;\">Style Quadrant &#8211; Consigli e guide per la moda, la cura della persona e la bellezza per uomini e donne.<\/h3>\n<p><a href=\"https:\/\/stylequadrant.com\/\"><strong>Style Quadrant<\/strong> <\/a>crede che ogni uomo e ogni donna meritino di apparire belli, comodi e sicuri di s\u00e9 indipendentemente dalla loro et\u00e0, peso e forma. Consigliamo di indossare abiti alla moda e non c&#8217;\u00e8 nulla da temere per mostrare il tuo stile al mondo. Tutto ci\u00f2 che pu\u00f2 renderti attraente, intelligente, sicuro di s\u00e9 e dall&#8217;aspetto perfetto \u00e8 ci\u00f2 di cui ci occupiamo.<\/p>\n<p><a href=\"https:\/\/stylequadrant.com\/\"><img loading=\"lazy\" decoding=\"async\" class=\"aligncenter wp-image-399\" title=\"Style Quadrant - Consigli e guide per la moda, la cura della persona e la bellezza per uomini e donne.\" src=\"https:\/\/stylequadrant.com\/it\/wp-content\/uploads\/2022\/03\/Style-QuadrantFAVICON.png\" alt=\"Style Quadrant - Consigli e guide per la moda, la cura della persona e la bellezza per uomini e donne.\" width=\"200\" height=\"200\" srcset=\"https:\/\/stylequadrant.com\/it\/wp-content\/uploads\/2022\/03\/Style-QuadrantFAVICON.png 512w, https:\/\/stylequadrant.com\/it\/wp-content\/uploads\/2022\/03\/Style-QuadrantFAVICON-60x60.png 60w, https:\/\/stylequadrant.com\/it\/wp-content\/uploads\/2022\/03\/Style-QuadrantFAVICON-80x80.png 80w, https:\/\/stylequadrant.com\/it\/wp-content\/uploads\/2022\/03\/Style-QuadrantFAVICON-120x120.png 120w, https:\/\/stylequadrant.com\/it\/wp-content\/uploads\/2022\/03\/Style-QuadrantFAVICON-90x90.png 90w, https:\/\/stylequadrant.com\/it\/wp-content\/uploads\/2022\/03\/Style-QuadrantFAVICON-320x320.png 320w\" sizes=\"auto, (max-width: 200px) 100vw, 200px\" \/><\/a><\/p>\n<p>Qui su <a href=\"https:\/\/stylequadrant.com\/\"><em>StyleQuadrant.com<\/em><\/a> tratteremo tutto, <em><strong>dalle tendenze della moda<\/strong><\/em> come <em><strong>consigli<\/strong><\/em>, <em><strong>guida<\/strong><\/em>, <em><strong>stile di vita<\/strong><\/em>, <em><strong>bellezza<\/strong><\/em> e benessere che possono aiutarti a risolvere i tuoi problemi di stile e bellezza. Pubblicheremo articoli su come vestirsi, dove acquistare le migliori occasioni, come vestirsi ed essere al passo con la moda e tanto altro&#8230;<\/p>\n<p><a href=\"https:\/\/stylequadrant.com\/\"><strong>Style Quadran<\/strong><\/a>t \u00e8 stato concepito con l&#8217;obiettivo di guidare le persone interessate alle nuove tendenze della moda, per quanto riguarda le tendenze della moda in abbigliamento, borse, scarpe, gioielli, orologi e anche consigli per una pelle sana e bella. Inizia a navigare nel nostro sito Web oggi per saperne di pi\u00f9 su come elevare il tuo stile di moda come mai prima d&#8217;ora!<\/p>\n","protected":false},"excerpt":{"rendered":"<p>Style Quadrant &#8211; Consigli e guide per la moda, la cura della persona e la bellezza per uomini e donne. Style Quadrant crede che ogni uomo e ogni donna meritino&hellip;<\/p>\n","protected":false},"author":1,"featured_media":0,"parent":0,"menu_order":0,"comment_status":"closed","ping_status":"closed","template":"","meta":{"footnotes":""},"class_list":["post-21","page","type-page","status-publish"],"_links":{"self":[{"href":"https:\/\/stylequadrant.com\/it\/wp-json\/wp\/v2\/pages\/21","targetHints":{"allow":["GET"]}}],"collection":[{"href":"https:\/\/stylequadrant.com\/it\/wp-json\/wp\/v2\/pages"}],"about":[{"href":"https:\/\/stylequadrant.com\/it\/wp-json\/wp\/v2\/types\/page"}],"author":[{"embeddable":true,"href":"https:\/\/stylequadrant.com\/it\/wp-json\/wp\/v2\/users\/1"}],"replies":[{"embeddable":true,"href":"https:\/\/stylequadrant.com\/it\/wp-json\/wp\/v2\/comments?post=21"}],"version-history":[{"count":4,"href":"https:\/\/stylequadrant.com\/it\/wp-json\/wp\/v2\/pages\/21\/revisions"}],"predecessor-version":[{"id":401,"href":"https:\/\/stylequadrant.com\/it\/wp-json\/wp\/v2\/pages\/21\/revisions\/401"}],"wp:attachment":[{"href":"https:\/\/stylequadrant.com\/it\/wp-json\/wp\/v2\/media?parent=21"}],"curies":[{"name":"wp","href":"https:\/\/api.w.org\/{rel}","templated":true}]}}