{"id":21,"date":"2022-02-02T11:03:46","date_gmt":"2022-02-02T11:03:46","guid":{"rendered":"https:\/\/stylequadrant.com\/?page_id=21"},"modified":"2022-03-22T06:53:09","modified_gmt":"2022-03-22T06:53:09","slug":"about-us","status":"publish","type":"page","link":"https:\/\/stylequadrant.com\/tr\/about-us\/","title":{"rendered":"Bizim Hakk\u0131m\u0131zda"},"content":{"rendered":"<h3 id=\"style-quadrant-erkekler-ve-kadinlar-icin-moda-kisisel-bakim-ve-guzellik-ipuclari-ve-kilavuzlari\" style=\"text-align: center;\">Style Quadrant &#8211; Erkekler ve Kad\u0131nlar i\u00e7in Moda, Ki\u015fisel Bak\u0131m ve G\u00fczellik \u0130pu\u00e7lar\u0131 ve K\u0131lavuzlar\u0131.<\/h3>\n<p><a href=\"https:\/\/stylequadrant.com\/\"><strong>Style Quadrant<\/strong><\/a>, ya\u015f\u0131, kilosu ve \u015fekli ne olursa olsun her erkek ve kad\u0131n\u0131n g\u00fczel, rahat ve kendinden emin g\u00f6r\u00fcnmeyi hak etti\u011fine inan\u0131r. Modaya uygun k\u0131yafetler giymeyi savunuyoruz ve tarz\u0131n\u0131z\u0131 d\u00fcnyaya g\u00f6stermekten korkacak bir \u015fey yok. Sizi \u00e7ekici, ak\u0131ll\u0131, kendine g\u00fcvenen ve m\u00fckemmel g\u00f6r\u00fcnen her \u015fey bizim i\u015fimiz.<\/p>\n<p><a href=\"https:\/\/stylequadrant.com\/\"><img loading=\"lazy\" decoding=\"async\" class=\"aligncenter wp-image-386\" title=\"Style Quadrant - Erkekler ve Kad\u0131nlar i\u00e7in Moda, Ki\u015fisel Bak\u0131m ve G\u00fczellik \u0130pu\u00e7lar\u0131 ve K\u0131lavuzlar\u0131.\" src=\"https:\/\/stylequadrant.com\/tr\/wp-content\/uploads\/2022\/03\/Style-QuadrantFAVICON.png\" alt=\"Style Quadrant - Erkekler ve Kad\u0131nlar i\u00e7in Moda, Ki\u015fisel Bak\u0131m ve G\u00fczellik \u0130pu\u00e7lar\u0131 ve K\u0131lavuzlar\u0131.\" width=\"200\" height=\"200\" srcset=\"https:\/\/stylequadrant.com\/tr\/wp-content\/uploads\/2022\/03\/Style-QuadrantFAVICON.png 512w, https:\/\/stylequadrant.com\/tr\/wp-content\/uploads\/2022\/03\/Style-QuadrantFAVICON-60x60.png 60w, https:\/\/stylequadrant.com\/tr\/wp-content\/uploads\/2022\/03\/Style-QuadrantFAVICON-80x80.png 80w, https:\/\/stylequadrant.com\/tr\/wp-content\/uploads\/2022\/03\/Style-QuadrantFAVICON-120x120.png 120w, https:\/\/stylequadrant.com\/tr\/wp-content\/uploads\/2022\/03\/Style-QuadrantFAVICON-90x90.png 90w, https:\/\/stylequadrant.com\/tr\/wp-content\/uploads\/2022\/03\/Style-QuadrantFAVICON-320x320.png 320w\" sizes=\"auto, (max-width: 200px) 100vw, 200px\" \/><\/a><\/p>\n<p>Burada <a href=\"https:\/\/stylequadrant.com\/\"><em>StyleQuadrant.com<\/em><\/a>&#8216;da ipu\u00e7lar\u0131, rehber, ya\u015fam tarz\u0131, g\u00fczellik ve sa\u011fl\u0131k gibi moda trendlerinden stil ve g\u00fczellik sorunlar\u0131n\u0131z\u0131 \u00e7\u00f6zmenize yard\u0131mc\u0131 olabilecek her \u015feyi ele alaca\u011f\u0131z. Nas\u0131l giyinmeniz gerekti\u011fini, en iyi indirimleri nereden alaca\u011f\u0131n\u0131z\u0131, nas\u0131l stil ve moday\u0131 takip edece\u011finizi ve daha pek \u00e7ok konuda yaz\u0131lar yay\u0131nlayaca\u011f\u0131z&#8230;<\/p>\n<p><a href=\"https:\/\/stylequadrant.com\/\"><strong>Style Quadrant<\/strong><\/a>, Moda&#8217;n\u0131n yeni trendleriyle ilgilenen ki\u015filere, <em><strong>giyim<\/strong><\/em>, <em><strong>\u00e7anta<\/strong><\/em>, <em><strong>ayakkab\u0131<\/strong><\/em>, <em><strong>m\u00fccevher<\/strong><\/em>, <em><strong>saat<\/strong> <strong>gibi moda trendler<\/strong><strong>i<\/strong><\/em> ve ayr\u0131ca sa\u011fl\u0131kl\u0131 ve g\u00fczel bir cilt i\u00e7in tavsiyeler konusunda rehberlik etmek amac\u0131yla kavramsalla\u015ft\u0131r\u0131ld\u0131. Moda stilinizi daha \u00f6nce hi\u00e7 olmad\u0131\u011f\u0131 kadar nas\u0131l y\u00fckseltti\u011finiz hakk\u0131nda daha fazla bilgi edinmek i\u00e7in bug\u00fcn web sitemize g\u00f6z atmaya ba\u015flay\u0131n!<\/p>\n","protected":false},"excerpt":{"rendered":"<p>Style Quadrant &#8211; Erkekler ve Kad\u0131nlar i\u00e7in Moda, Ki\u015fisel Bak\u0131m ve G\u00fczellik \u0130pu\u00e7lar\u0131 ve K\u0131lavuzlar\u0131. Style Quadrant, ya\u015f\u0131, kilosu ve \u015fekli ne olursa olsun her erkek ve kad\u0131n\u0131n g\u00fczel, rahat&hellip;<\/p>\n","protected":false},"author":1,"featured_media":0,"parent":0,"menu_order":0,"comment_status":"closed","ping_status":"closed","template":"","meta":{"footnotes":""},"class_list":["post-21","page","type-page","status-publish"],"_links":{"self":[{"href":"https:\/\/stylequadrant.com\/tr\/wp-json\/wp\/v2\/pages\/21","targetHints":{"allow":["GET"]}}],"collection":[{"href":"https:\/\/stylequadrant.com\/tr\/wp-json\/wp\/v2\/pages"}],"about":[{"href":"https:\/\/stylequadrant.com\/tr\/wp-json\/wp\/v2\/types\/page"}],"author":[{"embeddable":true,"href":"https:\/\/stylequadrant.com\/tr\/wp-json\/wp\/v2\/users\/1"}],"replies":[{"embeddable":true,"href":"https:\/\/stylequadrant.com\/tr\/wp-json\/wp\/v2\/comments?post=21"}],"version-history":[{"count":5,"href":"https:\/\/stylequadrant.com\/tr\/wp-json\/wp\/v2\/pages\/21\/revisions"}],"predecessor-version":[{"id":387,"href":"https:\/\/stylequadrant.com\/tr\/wp-json\/wp\/v2\/pages\/21\/revisions\/387"}],"wp:attachment":[{"href":"https:\/\/stylequadrant.com\/tr\/wp-json\/wp\/v2\/media?parent=21"}],"curies":[{"name":"wp","href":"https:\/\/api.w.org\/{rel}","templated":true}]}}